{"id":20111,"date":"2024-01-17T19:42:14","date_gmt":"2024-01-17T17:42:14","guid":{"rendered":"https:\/\/tourest.ee\/for-visitors\/how-to-gewt-there\/"},"modified":"2024-01-17T19:42:15","modified_gmt":"2024-01-17T17:42:15","slug":"how-to-gewt-there","status":"publish","type":"page","link":"https:\/\/tourest.ee\/en\/for-visitors\/how-to-gewt-there\/","title":{"rendered":"How to gewt there?"},"content":{"rendered":"\t\t<div data-elementor-type=\"wp-page\" data-elementor-id=\"20111\" class=\"elementor elementor-20111\">\n\t\t\t\t\t\t<section class=\"elementor-section elementor-top-section elementor-element elementor-element-2082a70 elementor-section-boxed elementor-section-height-default elementor-section-height-default\" data-id=\"2082a70\" data-element_type=\"section\" data-e-type=\"section\">\n\t\t\t\t\t\t<div class=\"elementor-container elementor-column-gap-default\">\n\t\t\t\t\t<div class=\"elementor-column elementor-col-100 elementor-top-column elementor-element elementor-element-a5cd39d\" data-id=\"a5cd39d\" data-element_type=\"column\" data-e-type=\"column\">\n\t\t\t<div class=\"elementor-widget-wrap elementor-element-populated\">\n\t\t\t\t\t\t<div class=\"elementor-element elementor-element-60cb7d9 elementor-widget elementor-widget-text-editor\" data-id=\"60cb7d9\" data-element_type=\"widget\" data-e-type=\"widget\" data-widget_type=\"text-editor.default\">\n\t\t\t\t<div class=\"elementor-widget-container\">\n\t\t\t\t\t\t\t\t\t<h2>We recommend public transport <\/h2>\n<h5> <\/h5>\n<h5>Buses No 1, 5, 8, 34 ja 38 <\/h5>\n<h3><strong>Lillepaviljon stop<\/strong><\/h3>\n<h5>See <a href=\"https:\/\/transport.tallinn.ee\/#bus\" target=\"_blank\" rel=\"noopener\">Timetables<\/a> <\/h5>\n<h5>Bus 1 &#8211; Viru keskus &gt; Viimsi &gt; &gt;keskus<\/h5>\n<h5>Buss 5 &#8211; M\u00e4nniku &gt; &gt;Metsakooli tee<\/h5>\n<h5>Bus 8 &#8211; V\u00e4ike \u00d5ism\u00e4e &gt; &gt;\u00c4igrum\u00e4e<\/h5>\n<h5>Bus 34 &#8211; Viru keskus &gt; &gt; Muuga aedlinn<\/h5>\n<h5>Bus 38 &#8211; Viru keskus &gt; &gt;Muuga<\/h5>\n\t\t\t\t\t\t\t\t<\/div>\n\t\t\t\t<\/div>\n\t\t\t\t<div class=\"elementor-element elementor-element-6445b7d elementor-widget elementor-widget-text-editor\" data-id=\"6445b7d\" data-element_type=\"widget\" data-e-type=\"widget\" data-widget_type=\"text-editor.default\">\n\t\t\t\t<div class=\"elementor-widget-container\">\n\t\t\t\t\t\t\t\t\t<h2>Accessibility<\/h2>\n<h5>The Exhibition Centre is located on a hillside and the bus stop is under the hillside If you are coming on foot, you will have to climb the stairs to reach the entrance to the exhibition hall. <\/h5>\n<h5>Wheelchair users will be able to drive to the hillside near the entrance to the exhibition centre. There are no ramps at the stairs. There are 2 special parking spaces cars for the disabled. There is a ramp from the main entrance to the exhibition centre <\/h5>\n\t\t\t\t\t\t\t\t<\/div>\n\t\t\t\t<\/div>\n\t\t\t\t<div class=\"elementor-element elementor-element-b218fed elementor-widget elementor-widget-text-editor\" data-id=\"b218fed\" data-element_type=\"widget\" data-e-type=\"widget\" data-widget_type=\"text-editor.default\">\n\t\t\t\t<div class=\"elementor-widget-container\">\n\t\t\t\t\t\t\t\t\t<h2>Car<\/h2>\n<h5>Parking<\/h5>\n<h5>Parking behind the exhibition centre &#8211; EUR\/ hour, EUR\/ day. <\/h5>\n\t\t\t\t\t\t\t\t<\/div>\n\t\t\t\t<\/div>\n\t\t\t\t<div class=\"elementor-element elementor-element-7ce3085 elementor-widget elementor-widget-image\" data-id=\"7ce3085\" data-element_type=\"widget\" data-e-type=\"widget\" data-widget_type=\"image.default\">\n\t\t\t\t<div class=\"elementor-widget-container\">\n\t\t\t\t\t\t\t\t\t\t\t\t\t\t\t<img fetchpriority=\"high\" decoding=\"async\" width=\"480\" height=\"343\" src=\"https:\/\/tourest.ee\/wp-content\/uploads\/2022\/09\/Parkimisskeem-1.jpg\" class=\"attachment-large size-large wp-image-12226\" alt=\"\" srcset=\"https:\/\/tourest.ee\/wp-content\/uploads\/2022\/09\/Parkimisskeem-1.jpg 480w, https:\/\/tourest.ee\/wp-content\/uploads\/2022\/09\/Parkimisskeem-1-300x214.jpg 300w\" sizes=\"(max-width: 480px) 100vw, 480px\" \/>\t\t\t\t\t\t\t\t\t\t\t\t\t\t\t<\/div>\n\t\t\t\t<\/div>\n\t\t\t\t<div class=\"elementor-element elementor-element-704f02d elementor-widget elementor-widget-text-editor\" data-id=\"704f02d\" data-element_type=\"widget\" data-e-type=\"widget\" data-widget_type=\"text-editor.default\">\n\t\t\t\t<div class=\"elementor-widget-container\">\n\t\t\t\t\t\t\t\t\t<h3><a href=\"http:\/\/www.fair.ee\/kontakt\/\" target=\"_blank\" rel=\"noopener\">Eesti N\u00e4ituste messikeskus<\/a>, Pirita tee 28, 12011 Tallinn<iframe style=\"border: 0;\" src=\"https:\/\/www.google.com\/maps\/embed?pb=!1m14!1m8!1m3!1d9706.978628258239!2d24.808131!3d59.44960799999999!3m2!1i1024!2i768!4f13.1!3m3!1m2!1s0x46929336751b2f5f%3A0xcfa3d9033cedd689!2sEesti%20N%C3%A4ituste%20messikeskus!5e1!3m2!1set!2sus!4v1704894383528!5m2!1set!2sus\" width=\"600\" height=\"450\" allowfullscreen=\"allowfullscreen\"><\/iframe><\/h3>\n\t\t\t\t\t\t\t\t<\/div>\n\t\t\t\t<\/div>\n\t\t\t\t\t<\/div>\n\t\t<\/div>\n\t\t\t\t\t<\/div>\n\t\t<\/section>\n\t\t\t\t<\/div>\n\t\t","protected":false},"excerpt":{"rendered":"<p>We recommend public transport Buses No 1, 5, 8, 34 ja 38 Lillepaviljon stop See Timetables Bus 1 &#8211; Viru [&hellip;]<\/p>\n","protected":false},"author":164,"featured_media":19358,"parent":18443,"menu_order":0,"comment_status":"closed","ping_status":"closed","template":"","meta":{"content-type":"","footnotes":""},"class_list":["post-20111","page","type-page","status-publish","has-post-thumbnail","hentry"],"_links":{"self":[{"href":"https:\/\/tourest.ee\/en\/wp-json\/wp\/v2\/pages\/20111","targetHints":{"allow":["GET"]}}],"collection":[{"href":"https:\/\/tourest.ee\/en\/wp-json\/wp\/v2\/pages"}],"about":[{"href":"https:\/\/tourest.ee\/en\/wp-json\/wp\/v2\/types\/page"}],"author":[{"embeddable":true,"href":"https:\/\/tourest.ee\/en\/wp-json\/wp\/v2\/users\/164"}],"replies":[{"embeddable":true,"href":"https:\/\/tourest.ee\/en\/wp-json\/wp\/v2\/comments?post=20111"}],"version-history":[{"count":1,"href":"https:\/\/tourest.ee\/en\/wp-json\/wp\/v2\/pages\/20111\/revisions"}],"predecessor-version":[{"id":20112,"href":"https:\/\/tourest.ee\/en\/wp-json\/wp\/v2\/pages\/20111\/revisions\/20112"}],"up":[{"embeddable":true,"href":"https:\/\/tourest.ee\/en\/wp-json\/wp\/v2\/pages\/18443"}],"wp:featuredmedia":[{"embeddable":true,"href":"https:\/\/tourest.ee\/en\/wp-json\/wp\/v2\/media\/19358"}],"wp:attachment":[{"href":"https:\/\/tourest.ee\/en\/wp-json\/wp\/v2\/media?parent=20111"}],"curies":[{"name":"wp","href":"https:\/\/api.w.org\/{rel}","templated":true}]}}